{"id":2177,"date":"2024-11-28T14:31:24","date_gmt":"2024-11-28T14:31:24","guid":{"rendered":"https:\/\/cortec.com\/1655-2\/"},"modified":"2024-11-28T14:31:24","modified_gmt":"2024-11-28T14:31:24","slug":"1655-2","status":"publish","type":"page","link":"https:\/\/cortec.com\/en\/1655-2\/","title":{"rendered":"Hur vi hanterar personuppgifter"},"content":{"rendered":"\n<div class=\"blobBlock\">\n    <div class=\"blobBlock_Block\">\n                                    <div class=\"blobBlock_Column blob--left\" style=\"top:0px; left: 0px;\">\n                            <figure class=\"blobBlock_image\">\n                    <img loading=\"lazy\" decoding=\"async\" width=\"502\" height=\"803\" src=\"https:\/\/cortec.com\/app\/uploads\/2024\/06\/Vector-5.png\" class=\"blob_img\" alt=\"\" srcset=\"https:\/\/cortec.com\/app\/uploads\/2024\/06\/Vector-5.png 502w, https:\/\/cortec.com\/app\/uploads\/2024\/06\/Vector-5-188x300.png 188w, https:\/\/cortec.com\/app\/uploads\/2024\/06\/Vector-5-300x480.png 300w\" sizes=\"auto, (max-width: 502px) 100vw, 502px\" \/>                <\/figure>\n            <\/div>\n            <\/div>\n<\/div>\n\n\n\n<div class=\"siteSection\">\n            <div class=\"siteSection_Block\" style=\"background-image: url('https:\/\/cortec.com\/app\/uploads\/2024\/09\/getty-images-FfjJvuGU0P0-unsplash-scaled.jpg');\">\n            <div>\n            <div class=\"siteSection_Column\">\n                <h3>Personuppgifter<\/h3>\n                <h1 style=\"max-width:px;\">Hur vi hanterar personuppgifter<\/h1>                \n                <p>Vi hanterar samtliga personuppgifter i enlighet med GDPR.<\/p>\n                                            <\/div>\n        <\/div>\n    <\/div>\n<\/div>\n\n\n<div class=\"blobBlock\">\n    <div class=\"blobBlock_Block\">\n                                    <div class=\"blobBlock_Column blob--right\" style=\"top:0px; right: 0px; rotate:0deg;\">\n                            <figure class=\"blobBlock_image\">\n                    <img loading=\"lazy\" decoding=\"async\" width=\"616\" height=\"900\" src=\"https:\/\/cortec.com\/app\/uploads\/2024\/06\/Vector-4.png\" class=\"blob_img\" alt=\"\" srcset=\"https:\/\/cortec.com\/app\/uploads\/2024\/06\/Vector-4.png 616w, https:\/\/cortec.com\/app\/uploads\/2024\/06\/Vector-4-205x300.png 205w, https:\/\/cortec.com\/app\/uploads\/2024\/06\/Vector-4-300x438.png 300w, https:\/\/cortec.com\/app\/uploads\/2024\/06\/Vector-4-600x877.png 600w\" sizes=\"auto, (max-width: 616px) 100vw, 616px\" \/>                <\/figure>\n            <\/div>\n            <\/div>\n<\/div>\n\n\n\n<div class=\"imageColumn\">\n    <div class=\"imageColumn_Block\">\n                    <div class=\"imageColumn_Column imageColumn_Column--left\">\n                <figure class=\"imageColumn_image\">\n                    <img loading=\"lazy\" decoding=\"async\" width=\"2560\" height=\"1706\" src=\"https:\/\/cortec.com\/app\/uploads\/2024\/06\/c7363dc38ec37da826392ba79d852ff7-scaled.jpeg\" class=\"imageColumn_img\" alt=\"\" style=\"height: auto; width: 100% !important; object-fit: contain;\" srcset=\"https:\/\/cortec.com\/app\/uploads\/2024\/06\/c7363dc38ec37da826392ba79d852ff7-scaled.jpeg 2560w, https:\/\/cortec.com\/app\/uploads\/2024\/06\/c7363dc38ec37da826392ba79d852ff7-300x200.jpeg 300w, https:\/\/cortec.com\/app\/uploads\/2024\/06\/c7363dc38ec37da826392ba79d852ff7-1024x683.jpeg 1024w, https:\/\/cortec.com\/app\/uploads\/2024\/06\/c7363dc38ec37da826392ba79d852ff7-768x512.jpeg 768w, https:\/\/cortec.com\/app\/uploads\/2024\/06\/c7363dc38ec37da826392ba79d852ff7-1536x1024.jpeg 1536w, https:\/\/cortec.com\/app\/uploads\/2024\/06\/c7363dc38ec37da826392ba79d852ff7-2048x1365.jpeg 2048w, https:\/\/cortec.com\/app\/uploads\/2024\/06\/c7363dc38ec37da826392ba79d852ff7-1320x880.jpeg 1320w, https:\/\/cortec.com\/app\/uploads\/2024\/06\/c7363dc38ec37da826392ba79d852ff7-600x400.jpeg 600w\" sizes=\"auto, (max-width: 2560px) 100vw, 2560px\" \/>                <\/figure>\n            <\/div>\n                <div class=\"imageColumn_Column \">\n                                    <h2>Fr\u00e5gor?<\/h2>\n                            <p>Har du n\u00e5gra fr\u00e5gor om hur vi hanterar dina personuppgifter? Kontakta oss g\u00e4rna via mail, kundservice@cortec.com.<\/p>\n                        <div class=\"imageColumn_Buttons\">\n                                    <button class=\"button purple \"\n                        onclick=\"location.href='https:\/\/cortec.com\/kontakta-oss\/'\" target=\"\">\n                        Tillbaka                    <\/button>\n                                            <\/div>\n        <\/div>\n    <\/div>\n<\/div>\n\n\n<div style=\"height:100px\" aria-hidden=\"true\" class=\"wp-block-spacer\"><\/div>\n\n\n\n<p><\/p>\n","protected":false},"excerpt":{"rendered":"","protected":false},"author":1,"featured_media":0,"parent":0,"menu_order":0,"comment_status":"closed","ping_status":"closed","template":"","meta":{"_acf_changed":false,"inline_featured_image":false,"footnotes":""},"class_list":["post-2177","page","type-page","status-publish","hentry"],"acf":[],"_links":{"self":[{"href":"https:\/\/cortec.com\/en\/wp-json\/wp\/v2\/pages\/2177","targetHints":{"allow":["GET"]}}],"collection":[{"href":"https:\/\/cortec.com\/en\/wp-json\/wp\/v2\/pages"}],"about":[{"href":"https:\/\/cortec.com\/en\/wp-json\/wp\/v2\/types\/page"}],"author":[{"embeddable":true,"href":"https:\/\/cortec.com\/en\/wp-json\/wp\/v2\/users\/1"}],"replies":[{"embeddable":true,"href":"https:\/\/cortec.com\/en\/wp-json\/wp\/v2\/comments?post=2177"}],"version-history":[{"count":0,"href":"https:\/\/cortec.com\/en\/wp-json\/wp\/v2\/pages\/2177\/revisions"}],"wp:attachment":[{"href":"https:\/\/cortec.com\/en\/wp-json\/wp\/v2\/media?parent=2177"}],"curies":[{"name":"wp","href":"https:\/\/api.w.org\/{rel}","templated":true}]}}