{"id":673,"date":"2024-06-16T13:41:09","date_gmt":"2024-06-16T13:41:09","guid":{"rendered":"https:\/\/cortec.com\/?page_id=673"},"modified":"2024-08-04T15:31:40","modified_gmt":"2024-08-04T15:31:40","slug":"sustainability","status":"publish","type":"page","link":"https:\/\/cortec.com\/en\/sustainability\/","title":{"rendered":"Sustainability"},"content":{"rendered":"\n<div class=\"siteSection\">\n            <div class=\"siteSection_Block\" style=\"background-image: url('https:\/\/cortec.com\/app\/uploads\/2024\/06\/f55866e5368f149c6d21c426924db374-scaled.jpeg');\">\n            <div>\n            <div class=\"siteSection_Column\">\n                <h3>Sustainability<\/h3>\n                <h1 style=\"max-width:px;\">V\u00e5r v\u00e4g mot en gr\u00f6nare framtid<\/h1>                \n                <p>F\u00f6r oss p\u00e5 Cortec \u00e4r h\u00e5llbarhet, j\u00e4mst\u00e4lldhet och kvinnoh\u00e4lsa inte bara ord, utan grundpelarna i v\u00e5r verksamhet. <\/p>\n                                            <\/div>\n        <\/div>\n    <\/div>\n<\/div>\n\n\n<div class=\"imageColumn\">\n    <div class=\"imageColumn_Block\">\n                    <div class=\"imageColumn_Column imageColumn_Column--right\">\n                <figure class=\"imageColumn_image\">\n                    <img loading=\"lazy\" decoding=\"async\" width=\"590\" height=\"500\" src=\"https:\/\/cortec.com\/app\/uploads\/2024\/06\/omar-lopez-_H1ZmUzwp9w-unsplash-1.png\" class=\"imageColumn_img\" alt=\"\" style=\"height: auto; width: 100% !important; object-fit: contain;\" srcset=\"https:\/\/cortec.com\/app\/uploads\/2024\/06\/omar-lopez-_H1ZmUzwp9w-unsplash-1.png 590w, https:\/\/cortec.com\/app\/uploads\/2024\/06\/omar-lopez-_H1ZmUzwp9w-unsplash-1-300x254.png 300w\" sizes=\"auto, (max-width: 590px) 100vw, 590px\" \/>                <\/figure>\n            <\/div>\n                <div class=\"imageColumn_Column \">\n                                    <h2>V\u00e4rnar om framtiden<\/h2>\n                            <p>Vi p\u00e5 Cortec arbetar vi aktivt f\u00f6r att s\u00e4kerst\u00e4lla en j\u00e4mst\u00e4lld arbetsplats och st\u00f6dja initiativ som fr\u00e4mjar kvinnors h\u00e4lsa och v\u00e4lbefinnande. Genom att g\u00f6ra detta str\u00e4var vi efter att skapa en positiv inverkan p\u00e5 b\u00e5de samh\u00e4llet och planeten.<\/p>\n<p>Vi integrerar milj\u00f6v\u00e4nliga metoder och r\u00e4ttvisem\u00e4rkta principer i varje aspekt av v\u00e5r verksamhet. Vi arbetar konsekvent med Life Cycle Assessment (LCA) f\u00f6r att bed\u00f6ma och minimera v\u00e5r milj\u00f6p\u00e5verkan genom hela produktens livscykel. Vi analyserar varje steg, fr\u00e5n r\u00e5materialutvinning till produktion, distribution, anv\u00e4ndning och slutligen \u00e5tervinning eller avfallshantering, f\u00f6r att s\u00e4kerst\u00e4lla att vi agerar p\u00e5 ett milj\u00f6m\u00e4ssigt h\u00e5llbart s\u00e4tt. <\/p>\n                        <div class=\"imageColumn_Buttons\">\n                                            <\/div>\n        <\/div>\n    <\/div>\n<\/div>\n\n\n<div class=\"FNGoals\">\n    <div class=\"FNGoals_Block\">\n                    <div class=\"FNGoals_Column\">\n                <figure class=\"FNGoals_image\">\n                    <img loading=\"lazy\" decoding=\"async\" width=\"275\" height=\"275\" src=\"https:\/\/cortec.com\/app\/uploads\/2024\/06\/03-god-halsa-och-valbefinnande-1.png\" class=\"FNGoals_img\" alt=\"\" srcset=\"https:\/\/cortec.com\/app\/uploads\/2024\/06\/03-god-halsa-och-valbefinnande-1.png 275w, https:\/\/cortec.com\/app\/uploads\/2024\/06\/03-god-halsa-och-valbefinnande-1-150x150.png 150w, https:\/\/cortec.com\/app\/uploads\/2024\/06\/03-god-halsa-och-valbefinnande-1-100x100.png 100w\" sizes=\"auto, (max-width: 275px) 100vw, 275px\" \/>                                            <img loading=\"lazy\" decoding=\"async\" width=\"275\" height=\"275\" src=\"https:\/\/cortec.com\/app\/uploads\/2024\/06\/05-jamstalldhet-1.png\" class=\"FNGoals_img\" alt=\"\" srcset=\"https:\/\/cortec.com\/app\/uploads\/2024\/06\/05-jamstalldhet-1.png 275w, https:\/\/cortec.com\/app\/uploads\/2024\/06\/05-jamstalldhet-1-150x150.png 150w, https:\/\/cortec.com\/app\/uploads\/2024\/06\/05-jamstalldhet-1-100x100.png 100w\" sizes=\"auto, (max-width: 275px) 100vw, 275px\" \/>                     \n                <\/figure>\n            <\/div>\n                <div class=\"FNGoals_Column\">\n            <h2>FN:s globala m\u00e5l<img decoding=\"async\" src=\"https:\/\/cortec.com\/app\/themes\/cortec-com\/assets\/images\/fn.png\" class=\"fn_icon\" alt=\"FN Logo\" style=\"width:65px; height:65px;\"><\/h2>\n            <p>Att str\u00e4va efter de globala m\u00e5len \u00e4r f\u00f6r oss en sj\u00e4lvklarhet. Specifikt fokuserar vi fr\u00e4mst p\u00e5 nummer 3 och 5 som st\u00e5r f\u00f6r \u201cgod h\u00e4lsa och v\u00e4lbefinnande\u201d och \u201cj\u00e4mst\u00e4lldhet\u201d. Vi integrerar h\u00e5llbara och h\u00e4lsofr\u00e4mjande metoder i v\u00e5r verksamhet f\u00f6r att f\u00f6rb\u00e4ttra tillg\u00e5ngen till kvalitativ h\u00e4lsov\u00e5rd, fr\u00e4mja h\u00e4lsosamma livsstilar och \u00f6ka medvetenheten om viktiga h\u00e4lsofr\u00e5gor. Samtidigt skapar vi en j\u00e4mst\u00e4lld arbetsplats d\u00e4r alla har lika m\u00f6jligheter att utvecklas, och vi st\u00f6djer externa initiativ som st\u00e4rker kvinnors r\u00e4ttigheter och deltagande i samh\u00e4llet. Genom att fokusera p\u00e5 dessa m\u00e5l str\u00e4var vi efter att bidra till en mer h\u00e5llbar och r\u00e4ttvis framtid f\u00f6r alla.<\/p>\n            <div class=\"FNGoals_Buttons\">\n                                                        <button class=\"button\" onclick=\"location.href='http:\/\/cortec.local\/kontakta-oss\/'\" target=\"\">Kontakta oss<\/button>\n                            <\/div>\n        <\/div>\n    <\/div>\n<\/div>\n\n\n\n<div class=\"imageWithText\">\n            <div class=\"imageWithText_Block\" style=\"background-image: url('https:\/\/cortec.com\/app\/uploads\/2024\/06\/8c5362c1a870807ef7de579155d1e3c0-scaled.jpeg');\">\n            <div>\n            <div class=\"imageWithText_Column\">\n                                <h2>En j\u00e4mst\u00e4lld v\u00e5rd<\/h2>\n                <p>Genom historien har medicinsk forskning och behandlingar fr\u00e4mst fokuserat  p\u00e5 m\u00e4ns h\u00e4lsa, vilket har lett till en betydande brist p\u00e5 kunskap och resurser f\u00f6r specifika h\u00e4lsoproblem hos enbart kvinnor. Detta underskott p\u00e5verkar allt fr\u00e5n diagnos och behandling av sjukdomar till den allm\u00e4nna f\u00f6rst\u00e5elsen av kvinnors unika h\u00e4lsofr\u00e5gor. Att prioritera kvinnoh\u00e4lsa \u00e4r d\u00e4rf\u00f6r en avg\u00f6rande del f\u00f6r att s\u00e4kerst\u00e4lla att kvinnor f\u00e5r den v\u00e5rd och uppm\u00e4rksamhet de beh\u00f6ver och f\u00f6rtj\u00e4nar.<\/p>\n                                                        <button class=\"button\" onclick=\"location.href='http:\/\/cortec.local\/my-account\/'\" target=\"_blank\">Samarbeta med oss<\/button>\n                            <\/div>\n        <\/div>\n    <\/div>\n<\/div>\n\n\n<div class=\"imageColumn\">\n    <div class=\"imageColumn_Block\">\n                    <div class=\"imageColumn_Column imageColumn_Column--right\">\n                <figure class=\"imageColumn_image\">\n                    <img loading=\"lazy\" decoding=\"async\" width=\"590\" height=\"500\" src=\"https:\/\/cortec.com\/app\/uploads\/2024\/06\/Rectangle-1-4.png\" class=\"imageColumn_img\" alt=\"\" style=\"height: auto; width: 100% !important; object-fit: contain;\" srcset=\"https:\/\/cortec.com\/app\/uploads\/2024\/06\/Rectangle-1-4.png 590w, https:\/\/cortec.com\/app\/uploads\/2024\/06\/Rectangle-1-4-300x254.png 300w\" sizes=\"auto, (max-width: 590px) 100vw, 590px\" \/>                <\/figure>\n            <\/div>\n                <div class=\"imageColumn_Column \">\n                                    <h2>Certifierande inom h\u00e5llbarhet<\/h2>\n                            <p>Cortec \u00e4r stolta \u00f6ver att vara FR2000-certifierade. FR2000-certifieringen \u00e4r en erk\u00e4nd standard inom branschen som visar att v\u00e5ra produkter och processer f\u00f6ljer str\u00e4nga riktlinjer f\u00f6r milj\u00f6v\u00e4nlighet och socialt ansvarstagande. <\/p>\n<p>Det inneb\u00e4r att vi uppfyller h\u00f6ga krav n\u00e4r det g\u00e4ller h\u00e5llbarhetsprestanda, inklusive anv\u00e4ndning av f\u00f6rnybara resurser, minimering av utsl\u00e4pp, samt fr\u00e4mjande av r\u00e4ttvisa arbetsvillkor i hela v\u00e5r leveranskedja. Genom att vara FR2000-certifierade kan v\u00e5ra kunder vara trygga i vetskapen om att de st\u00f6djer ett f\u00f6retag som tar aktivt ansvar f\u00f6r planeten och dess m\u00e4nniskor.<\/p>\n                        <div class=\"imageColumn_Buttons\">\n                                            <\/div>\n        <\/div>\n    <\/div>\n<\/div>\n\n\n<div class=\"countryWithText\">\n    <div class=\"countryWithText_Block\">\n                    <div class=\"countryWithText_Column\">\n                <figure class=\"countryWithText_leftImage\">\n                    <img loading=\"lazy\" decoding=\"async\" width=\"485\" height=\"515\" src=\"https:\/\/cortec.com\/app\/uploads\/2024\/06\/NordAmerikaArtboard-6.png\" class=\"countryWithText_img\" alt=\"\" srcset=\"https:\/\/cortec.com\/app\/uploads\/2024\/06\/NordAmerikaArtboard-6.png 485w, https:\/\/cortec.com\/app\/uploads\/2024\/06\/NordAmerikaArtboard-6-283x300.png 283w, https:\/\/cortec.com\/app\/uploads\/2024\/06\/NordAmerikaArtboard-6-300x319.png 300w\" sizes=\"auto, (max-width: 485px) 100vw, 485px\" \/>                <\/figure>\n            <\/div>\n                <div class=\"countryWithText_Column\">\n            <h2>Kvalitativ och h\u00e5llbar produktion<\/h2>\n            <p>F\u00f6r oss \u00e4r det av yttersta vikt att betona v\u00e5rt samarbete med f\u00f6retag som bedriver sin produktion i Europa och Nordamerika. Det \u00e4r unikt f\u00f6r oss och visar v\u00e5r prioritering av b\u00e5de kvalitet och h\u00e5llbarhet. Genom att v\u00e4lja samarbetspartners som delar v\u00e5ra v\u00e4rderingar kan vi s\u00e4kerst\u00e4lla h\u00f6g kvalitet i v\u00e5ra produkter samtidigt som vi bidrar till en ansvarsfull och h\u00e5llbar tillverkningsprocess.<\/p>\n                            <figure class=\"countryWithText_leftBottomImage\">\n                    <img loading=\"lazy\" decoding=\"async\" width=\"485\" height=\"515\" src=\"https:\/\/cortec.com\/app\/uploads\/2024\/06\/NordAmerikaArtboard-6.png\" class=\"countryWithText_img\" alt=\"\" srcset=\"https:\/\/cortec.com\/app\/uploads\/2024\/06\/NordAmerikaArtboard-6.png 485w, https:\/\/cortec.com\/app\/uploads\/2024\/06\/NordAmerikaArtboard-6-283x300.png 283w, https:\/\/cortec.com\/app\/uploads\/2024\/06\/NordAmerikaArtboard-6-300x319.png 300w\" sizes=\"auto, (max-width: 485px) 100vw, 485px\" \/>                <\/figure>\n                                        <figure class=\"countryWithText_bottomImage\">\n                        <img loading=\"lazy\" decoding=\"async\" width=\"525\" height=\"395\" src=\"https:\/\/cortec.com\/app\/uploads\/2024\/06\/EuropaArtboard-3.png\" class=\"countryWithText_img\" alt=\"\" srcset=\"https:\/\/cortec.com\/app\/uploads\/2024\/06\/EuropaArtboard-3.png 525w, https:\/\/cortec.com\/app\/uploads\/2024\/06\/EuropaArtboard-3-300x226.png 300w\" sizes=\"auto, (max-width: 525px) 100vw, 525px\" \/>                    <\/figure>\n                    <\/div>\n        \n    <\/div>\n<\/div>\n","protected":false},"excerpt":{"rendered":"","protected":false},"author":1,"featured_media":0,"parent":0,"menu_order":0,"comment_status":"closed","ping_status":"closed","template":"","meta":{"_acf_changed":false,"inline_featured_image":false,"footnotes":""},"class_list":["post-673","page","type-page","status-publish","hentry"],"acf":[],"_links":{"self":[{"href":"https:\/\/cortec.com\/en\/wp-json\/wp\/v2\/pages\/673","targetHints":{"allow":["GET"]}}],"collection":[{"href":"https:\/\/cortec.com\/en\/wp-json\/wp\/v2\/pages"}],"about":[{"href":"https:\/\/cortec.com\/en\/wp-json\/wp\/v2\/types\/page"}],"author":[{"embeddable":true,"href":"https:\/\/cortec.com\/en\/wp-json\/wp\/v2\/users\/1"}],"replies":[{"embeddable":true,"href":"https:\/\/cortec.com\/en\/wp-json\/wp\/v2\/comments?post=673"}],"version-history":[{"count":1,"href":"https:\/\/cortec.com\/en\/wp-json\/wp\/v2\/pages\/673\/revisions"}],"predecessor-version":[{"id":674,"href":"https:\/\/cortec.com\/en\/wp-json\/wp\/v2\/pages\/673\/revisions\/674"}],"wp:attachment":[{"href":"https:\/\/cortec.com\/en\/wp-json\/wp\/v2\/media?parent=673"}],"curies":[{"name":"wp","href":"https:\/\/api.w.org\/{rel}","templated":true}]}}